{"id":249,"date":"2023-10-24T21:14:06","date_gmt":"2023-10-24T21:14:06","guid":{"rendered":"https:\/\/web2.axesawebhost.net\/creativesignspr\/?page_id=249"},"modified":"2023-10-24T21:20:42","modified_gmt":"2023-10-24T21:20:42","slug":"gracias","status":"publish","type":"page","link":"https:\/\/creativesignspr.com\/en\/gracias\/","title":{"rendered":"Gracias"},"content":{"rendered":"<div data-elementor-type=\"wp-page\" data-elementor-id=\"249\" class=\"elementor elementor-249\" data-elementor-settings=\"{&quot;ha_cmc_init_switcher&quot;:&quot;no&quot;}\">\n\t\t\t\t\t\t<section class=\"elementor-section elementor-top-section elementor-element elementor-element-6bc5277 elementor-section-height-min-height elementor-section-boxed elementor-section-height-default elementor-section-items-middle\" data-id=\"6bc5277\" data-element_type=\"section\" data-settings=\"{&quot;jet_parallax_layout_list&quot;:[],&quot;background_background&quot;:&quot;slideshow&quot;,&quot;background_slideshow_gallery&quot;:[{&quot;id&quot;:83,&quot;url&quot;:&quot;https:\\\/\\\/web2.axesawebhost.net\\\/creativesignspr\\\/wp-content\\\/uploads\\\/sites\\\/85\\\/2023\\\/10\\\/header.jpg&quot;},{&quot;id&quot;:81,&quot;url&quot;:&quot;https:\\\/\\\/web2.axesawebhost.net\\\/creativesignspr\\\/wp-content\\\/uploads\\\/sites\\\/85\\\/2023\\\/10\\\/header-nuevo-1.jpg&quot;},{&quot;id&quot;:82,&quot;url&quot;:&quot;https:\\\/\\\/web2.axesawebhost.net\\\/creativesignspr\\\/wp-content\\\/uploads\\\/sites\\\/85\\\/2023\\\/10\\\/header-nuevo-2.jpg&quot;}],&quot;background_slideshow_slide_transition&quot;:&quot;slide_left&quot;,&quot;background_slideshow_loop&quot;:&quot;yes&quot;,&quot;background_slideshow_slide_duration&quot;:5000,&quot;background_slideshow_transition_duration&quot;:500,&quot;_ha_eqh_enable&quot;:false}\">\n\t\t\t\t\t\t<div class=\"elementor-container elementor-column-gap-default\">\n\t\t\t\t\t<div class=\"elementor-column elementor-col-100 elementor-top-column elementor-element elementor-element-1b0933b\" data-id=\"1b0933b\" data-element_type=\"column\">\n\t\t\t<div class=\"elementor-widget-wrap\">\n\t\t\t\t\t\t\t<\/div>\n\t\t<\/div>\n\t\t\t\t\t<\/div>\n\t\t<\/section>\n\t\t\t\t<section class=\"elementor-section elementor-top-section elementor-element elementor-element-cef400e elementor-section-boxed elementor-section-height-default elementor-section-height-default\" data-id=\"cef400e\" data-element_type=\"section\" data-settings=\"{&quot;jet_parallax_layout_list&quot;:[],&quot;background_background&quot;:&quot;classic&quot;,&quot;_ha_eqh_enable&quot;:false}\">\n\t\t\t\t\t\t<div class=\"elementor-container elementor-column-gap-narrow\">\n\t\t\t\t\t<div class=\"elementor-column elementor-col-50 elementor-top-column elementor-element elementor-element-7cf1fcb\" data-id=\"7cf1fcb\" data-element_type=\"column\">\n\t\t\t<div class=\"elementor-widget-wrap elementor-element-populated\">\n\t\t\t\t\t\t<div class=\"elementor-element elementor-element-0e704a5 elementor-widget elementor-widget-image\" data-id=\"0e704a5\" data-element_type=\"widget\" data-widget_type=\"image.default\">\n\t\t\t\t<div class=\"elementor-widget-container\">\n\t\t\t\t\t\t\t\t\t\t\t\t\t\t\t<img fetchpriority=\"high\" decoding=\"async\" width=\"640\" height=\"640\" src=\"https:\/\/creativesignspr.com\/wp-content\/uploads\/2023\/10\/mensaje3.gif\" class=\"attachment-large size-large wp-image-251\" alt=\"\" \/>\t\t\t\t\t\t\t\t\t\t\t\t\t\t\t<\/div>\n\t\t\t\t<\/div>\n\t\t\t\t\t<\/div>\n\t\t<\/div>\n\t\t\t\t<div class=\"elementor-column elementor-col-50 elementor-top-column elementor-element elementor-element-f164289\" data-id=\"f164289\" data-element_type=\"column\">\n\t\t\t<div class=\"elementor-widget-wrap elementor-element-populated\">\n\t\t\t\t\t\t<div class=\"elementor-element elementor-element-89752a2 elementor-widget elementor-widget-heading\" data-id=\"89752a2\" data-element_type=\"widget\" data-widget_type=\"heading.default\">\n\t\t\t\t<div class=\"elementor-widget-container\">\n\t\t\t\t\t<h2 class=\"elementor-heading-title elementor-size-default\">Gracias<\/h2>\t\t\t\t<\/div>\n\t\t\t\t<\/div>\n\t\t\t\t<div class=\"elementor-element elementor-element-b984bf3 elementor-widget elementor-widget-heading\" data-id=\"b984bf3\" data-element_type=\"widget\" data-widget_type=\"heading.default\">\n\t\t\t\t<div class=\"elementor-widget-container\">\n\t\t\t\t\t<h2 class=\"elementor-heading-title elementor-size-default\">Responderemos en el menor tiempo posible<\/h2>\t\t\t\t<\/div>\n\t\t\t\t<\/div>\n\t\t\t\t\t<\/div>\n\t\t<\/div>\n\t\t\t\t\t<\/div>\n\t\t<\/section>\n\t\t\t\t<section class=\"elementor-section elementor-top-section elementor-element elementor-element-947660b elementor-section-boxed elementor-section-height-default elementor-section-height-default\" data-id=\"947660b\" data-element_type=\"section\" data-settings=\"{&quot;jet_parallax_layout_list&quot;:[],&quot;_ha_eqh_enable&quot;:false}\">\n\t\t\t\t\t\t<div class=\"elementor-container elementor-column-gap-default\">\n\t\t\t\t\t<div class=\"elementor-column elementor-col-33 elementor-top-column elementor-element elementor-element-a9f4ff8\" data-id=\"a9f4ff8\" data-element_type=\"column\">\n\t\t\t<div class=\"elementor-widget-wrap elementor-element-populated\">\n\t\t\t\t\t\t<div class=\"elementor-element elementor-element-9422943 elementor-view-default elementor-position-top elementor-mobile-position-top elementor-widget elementor-widget-icon-box\" data-id=\"9422943\" data-element_type=\"widget\" data-widget_type=\"icon-box.default\">\n\t\t\t\t<div class=\"elementor-widget-container\">\n\t\t\t\t\t\t\t<div class=\"elementor-icon-box-wrapper\">\n\n\t\t\t\t\t\t<div class=\"elementor-icon-box-icon\">\n\t\t\t\t<span  class=\"elementor-icon\">\n\t\t\t\t<i aria-hidden=\"true\" class=\"fas fa-map\"><\/i>\t\t\t\t<\/span>\n\t\t\t<\/div>\n\t\t\t\n\t\t\t\t\t\t<div class=\"elementor-icon-box-content\">\n\n\t\t\t\t\t\t\t\t\t<h3 class=\"elementor-icon-box-title\">\n\t\t\t\t\t\t<span  >\n\t\t\t\t\t\t\tService Area\t\t\t\t\t\t<\/span>\n\t\t\t\t\t<\/h3>\n\t\t\t\t\n\t\t\t\t\t\t\t\t\t<p class=\"elementor-icon-box-description\">\n\t\t\t\t\t\tPuerto Rico\t\t\t\t\t<\/p>\n\t\t\t\t\n\t\t\t<\/div>\n\t\t\t\n\t\t<\/div>\n\t\t\t\t\t\t<\/div>\n\t\t\t\t<\/div>\n\t\t\t\t\t<\/div>\n\t\t<\/div>\n\t\t\t\t<div class=\"elementor-column elementor-col-33 elementor-top-column elementor-element elementor-element-5983618\" data-id=\"5983618\" data-element_type=\"column\">\n\t\t\t<div class=\"elementor-widget-wrap elementor-element-populated\">\n\t\t\t\t\t\t<div class=\"elementor-element elementor-element-f99ef99 elementor-view-default elementor-position-top elementor-mobile-position-top elementor-widget elementor-widget-icon-box\" data-id=\"f99ef99\" data-element_type=\"widget\" data-widget_type=\"icon-box.default\">\n\t\t\t\t<div class=\"elementor-widget-container\">\n\t\t\t\t\t\t\t<div class=\"elementor-icon-box-wrapper\">\n\n\t\t\t\t\t\t<div class=\"elementor-icon-box-icon\">\n\t\t\t\t<span  class=\"elementor-icon\">\n\t\t\t\t<i aria-hidden=\"true\" class=\"fas fa-map\"><\/i>\t\t\t\t<\/span>\n\t\t\t<\/div>\n\t\t\t\n\t\t\t\t\t\t<div class=\"elementor-icon-box-content\">\n\n\t\t\t\t\t\t\t\t\t<h3 class=\"elementor-icon-box-title\">\n\t\t\t\t\t\t<span  >\n\t\t\t\t\t\t\tPAYMENT METHOD\t\t\t\t\t\t<\/span>\n\t\t\t\t\t<\/h3>\n\t\t\t\t\n\t\t\t\t\n\t\t\t<\/div>\n\t\t\t\n\t\t<\/div>\n\t\t\t\t\t\t<\/div>\n\t\t\t\t<\/div>\n\t\t\t\t<div class=\"elementor-element elementor-element-bab3678 ha-image-grid--fitRows elementor-widget__width-initial elementor-widget elementor-widget-ha-image-grid happy-addon ha-image-grid\" data-id=\"bab3678\" data-element_type=\"widget\" data-settings=\"{&quot;layout&quot;:&quot;fitRows&quot;,&quot;enable_popup&quot;:&quot;yes&quot;}\" data-widget_type=\"ha-image-grid.default\">\n\t\t\t\t<div class=\"elementor-widget-container\">\n\t\t\t\t\t\n\t\t<div class=\"ha-image-grid__wrap hajs-isotope ha-lightbox--has\">\n\t\t\t\t\t\t\t\n\t\t\t\t<a href=\"#\" data-mfp-src=\"https:\/\/creativesignspr.com\/wp-content\/uploads\/2023\/10\/28.png\" class=\"ha-image-grid__item ha-js-lightbox __fltr-1\">\n\t\t\t\t\t<img decoding=\"async\" width=\"128\" height=\"80\" src=\"https:\/\/creativesignspr.com\/wp-content\/uploads\/2023\/10\/28.png\" class=\"elementor-animation-grow\" alt=\"\" \/>\t\t\t\t<\/a>\n\t\t\t\t\t\t\t\n\t\t\t\t<a href=\"#\" data-mfp-src=\"https:\/\/creativesignspr.com\/wp-content\/uploads\/2023\/10\/27.png\" class=\"ha-image-grid__item ha-js-lightbox __fltr-1\">\n\t\t\t\t\t<img decoding=\"async\" width=\"128\" height=\"80\" src=\"https:\/\/creativesignspr.com\/wp-content\/uploads\/2023\/10\/27.png\" class=\"elementor-animation-grow\" alt=\"\" \/>\t\t\t\t<\/a>\n\t\t\t\t\t\t\t\n\t\t\t\t<a href=\"#\" data-mfp-src=\"https:\/\/creativesignspr.com\/wp-content\/uploads\/2023\/10\/26.png\" class=\"ha-image-grid__item ha-js-lightbox __fltr-1\">\n\t\t\t\t\t<img loading=\"lazy\" decoding=\"async\" width=\"128\" height=\"80\" src=\"https:\/\/creativesignspr.com\/wp-content\/uploads\/2023\/10\/26.png\" class=\"elementor-animation-grow\" alt=\"\" \/>\t\t\t\t<\/a>\n\t\t\t\t\t<\/div>\n\n\t\t\t\t\t\t<\/div>\n\t\t\t\t<\/div>\n\t\t\t\t\t<\/div>\n\t\t<\/div>\n\t\t\t\t<div class=\"elementor-column elementor-col-33 elementor-top-column elementor-element elementor-element-c00c0c2\" data-id=\"c00c0c2\" data-element_type=\"column\">\n\t\t\t<div class=\"elementor-widget-wrap elementor-element-populated\">\n\t\t\t\t\t\t<div class=\"elementor-element elementor-element-262f898 elementor-view-default elementor-position-top elementor-mobile-position-top elementor-widget elementor-widget-icon-box\" data-id=\"262f898\" data-element_type=\"widget\" data-widget_type=\"icon-box.default\">\n\t\t\t\t<div class=\"elementor-widget-container\">\n\t\t\t\t\t\t\t<div class=\"elementor-icon-box-wrapper\">\n\n\t\t\t\t\t\t<div class=\"elementor-icon-box-icon\">\n\t\t\t\t<span  class=\"elementor-icon\">\n\t\t\t\t<i aria-hidden=\"true\" class=\"fas fa-clock\"><\/i>\t\t\t\t<\/span>\n\t\t\t<\/div>\n\t\t\t\n\t\t\t\t\t\t<div class=\"elementor-icon-box-content\">\n\n\t\t\t\t\t\t\t\t\t<h3 class=\"elementor-icon-box-title\">\n\t\t\t\t\t\t<span  >\n\t\t\t\t\t\t\tBusiness Hours\t\t\t\t\t\t<\/span>\n\t\t\t\t\t<\/h3>\n\t\t\t\t\n\t\t\t\t\t\t\t\t\t<p class=\"elementor-icon-box-description\">\n\t\t\t\t\t\tMonday to Saturday<br>\n8:00 am to 5:00 pm\n\n\t\t\t\t\t<\/p>\n\t\t\t\t\n\t\t\t<\/div>\n\t\t\t\n\t\t<\/div>\n\t\t\t\t\t\t<\/div>\n\t\t\t\t<\/div>\n\t\t\t\t\t<\/div>\n\t\t<\/div>\n\t\t\t\t\t<\/div>\n\t\t<\/section>\n\t\t\t\t<\/div>","protected":false},"excerpt":{"rendered":"<p>Gracias Responderemos en el menor tiempo posible \u00c3\u0081REA DE SERVICIO Puerto Rico Metodos de Pago HORARIO Lunes a S\u00c3\u00a1bados 8:00 am to 5:00 pm<\/p>","protected":false},"author":1,"featured_media":0,"parent":0,"menu_order":0,"comment_status":"closed","ping_status":"closed","template":"elementor_header_footer","meta":{"footnotes":""},"class_list":["post-249","page","type-page","status-publish","hentry"],"yoast_head":"<!-- This site is optimized with the Yoast SEO plugin v25.3 - https:\/\/yoast.com\/wordpress\/plugins\/seo\/ -->\n<title>R\u00f3tulos Comerciales | Creative Signs LLC | Trujillo Alto | PR<\/title>\n<meta name=\"description\" content=\"Creative Signs PR es una compa\u00f1\u00eda netamente puertorrique\u00f1a que se especializa en la manufacturaci\u00f3n de r\u00f3tulos comerciales.\" \/>\n<meta name=\"robots\" content=\"index, follow, max-snippet:-1, max-image-preview:large, max-video-preview:-1\" \/>\n<link rel=\"canonical\" href=\"https:\/\/creativesignspr.com\/en\/gracias\/\" \/>\n<meta property=\"og:locale\" content=\"en_US\" \/>\n<meta property=\"og:type\" content=\"article\" \/>\n<meta property=\"og:title\" content=\"R\u00f3tulos Comerciales | Creative Signs LLC | Trujillo Alto | PR\" \/>\n<meta property=\"og:description\" content=\"Creative Signs PR es una compa\u00f1\u00eda netamente puertorrique\u00f1a que se especializa en la manufacturaci\u00f3n de r\u00f3tulos comerciales.\" \/>\n<meta property=\"og:url\" content=\"https:\/\/creativesignspr.com\/en\/gracias\/\" \/>\n<meta property=\"og:site_name\" content=\"Creative Signs LLC\" \/>\n<meta property=\"article:modified_time\" content=\"2023-10-24T21:20:42+00:00\" \/>\n<meta property=\"og:image\" content=\"https:\/\/web2.axesawebhost.net\/creativesignspr\/wp-content\/uploads\/sites\/85\/2023\/10\/mensaje3.gif\" \/>\n<meta name=\"twitter:card\" content=\"summary_large_image\" \/>\n<meta name=\"twitter:label1\" content=\"Est. reading time\" \/>\n\t<meta name=\"twitter:data1\" content=\"1 minute\" \/>\n<script type=\"application\/ld+json\" class=\"yoast-schema-graph\">{\"@context\":\"https:\/\/schema.org\",\"@graph\":[{\"@type\":\"WebPage\",\"@id\":\"https:\/\/creativesignspr.com\/gracias\/\",\"url\":\"https:\/\/creativesignspr.com\/gracias\/\",\"name\":\"R\u00f3tulos Comerciales | Creative Signs LLC | Trujillo Alto | PR\",\"isPartOf\":{\"@id\":\"https:\/\/creativesignspr.com\/#website\"},\"primaryImageOfPage\":{\"@id\":\"https:\/\/creativesignspr.com\/gracias\/#primaryimage\"},\"image\":{\"@id\":\"https:\/\/creativesignspr.com\/gracias\/#primaryimage\"},\"thumbnailUrl\":\"https:\/\/web2.axesawebhost.net\/creativesignspr\/wp-content\/uploads\/sites\/85\/2023\/10\/mensaje3.gif\",\"datePublished\":\"2023-10-24T21:14:06+00:00\",\"dateModified\":\"2023-10-24T21:20:42+00:00\",\"description\":\"Creative Signs PR es una compa\u00f1\u00eda netamente puertorrique\u00f1a que se especializa en la manufacturaci\u00f3n de r\u00f3tulos comerciales.\",\"breadcrumb\":{\"@id\":\"https:\/\/creativesignspr.com\/gracias\/#breadcrumb\"},\"inLanguage\":\"en-US\",\"potentialAction\":[{\"@type\":\"ReadAction\",\"target\":[\"https:\/\/creativesignspr.com\/gracias\/\"]}]},{\"@type\":\"ImageObject\",\"inLanguage\":\"en-US\",\"@id\":\"https:\/\/creativesignspr.com\/gracias\/#primaryimage\",\"url\":\"https:\/\/web2.axesawebhost.net\/creativesignspr\/wp-content\/uploads\/sites\/85\/2023\/10\/mensaje3.gif\",\"contentUrl\":\"https:\/\/web2.axesawebhost.net\/creativesignspr\/wp-content\/uploads\/sites\/85\/2023\/10\/mensaje3.gif\"},{\"@type\":\"BreadcrumbList\",\"@id\":\"https:\/\/creativesignspr.com\/gracias\/#breadcrumb\",\"itemListElement\":[{\"@type\":\"ListItem\",\"position\":1,\"name\":\"Home\",\"item\":\"https:\/\/creativesignspr.com\/\"},{\"@type\":\"ListItem\",\"position\":2,\"name\":\"Gracias\"}]},{\"@type\":\"WebSite\",\"@id\":\"https:\/\/creativesignspr.com\/#website\",\"url\":\"https:\/\/creativesignspr.com\/\",\"name\":\"Creative Signs LLC\",\"description\":\"R\u00c3\u00b3tulos comerciales\",\"publisher\":{\"@id\":\"https:\/\/creativesignspr.com\/#organization\"},\"potentialAction\":[{\"@type\":\"SearchAction\",\"target\":{\"@type\":\"EntryPoint\",\"urlTemplate\":\"https:\/\/creativesignspr.com\/?s={search_term_string}\"},\"query-input\":{\"@type\":\"PropertyValueSpecification\",\"valueRequired\":true,\"valueName\":\"search_term_string\"}}],\"inLanguage\":\"en-US\"},{\"@type\":\"Organization\",\"@id\":\"https:\/\/creativesignspr.com\/#organization\",\"name\":\"Creative Signs LLC\",\"url\":\"https:\/\/creativesignspr.com\/\",\"logo\":{\"@type\":\"ImageObject\",\"inLanguage\":\"en-US\",\"@id\":\"https:\/\/creativesignspr.com\/#\/schema\/logo\/image\/\",\"url\":\"https:\/\/creativesignspr.com\/wp-content\/uploads\/2023\/10\/Creative-Signs-logo.jpg\",\"contentUrl\":\"https:\/\/creativesignspr.com\/wp-content\/uploads\/2023\/10\/Creative-Signs-logo.jpg\",\"width\":300,\"height\":200,\"caption\":\"Creative Signs LLC\"},\"image\":{\"@id\":\"https:\/\/creativesignspr.com\/#\/schema\/logo\/image\/\"}}]}<\/script>\n<!-- \/ Yoast SEO plugin. -->","yoast_head_json":{"title":"R\u00f3tulos Comerciales | Creative Signs LLC | Trujillo Alto | PR","description":"Creative Signs PR es una compa\u00f1\u00eda netamente puertorrique\u00f1a que se especializa en la manufacturaci\u00f3n de r\u00f3tulos comerciales.","robots":{"index":"index","follow":"follow","max-snippet":"max-snippet:-1","max-image-preview":"max-image-preview:large","max-video-preview":"max-video-preview:-1"},"canonical":"https:\/\/creativesignspr.com\/en\/gracias\/","og_locale":"en_US","og_type":"article","og_title":"R\u00f3tulos Comerciales | Creative Signs LLC | Trujillo Alto | PR","og_description":"Creative Signs PR es una compa\u00f1\u00eda netamente puertorrique\u00f1a que se especializa en la manufacturaci\u00f3n de r\u00f3tulos comerciales.","og_url":"https:\/\/creativesignspr.com\/en\/gracias\/","og_site_name":"Creative Signs LLC","article_modified_time":"2023-10-24T21:20:42+00:00","og_image":[{"url":"https:\/\/web2.axesawebhost.net\/creativesignspr\/wp-content\/uploads\/sites\/85\/2023\/10\/mensaje3.gif","type":"","width":"","height":""}],"twitter_card":"summary_large_image","twitter_misc":{"Est. reading time":"1 minute"},"schema":{"@context":"https:\/\/schema.org","@graph":[{"@type":"WebPage","@id":"https:\/\/creativesignspr.com\/gracias\/","url":"https:\/\/creativesignspr.com\/gracias\/","name":"R\u00f3tulos Comerciales | Creative Signs LLC | Trujillo Alto | PR","isPartOf":{"@id":"https:\/\/creativesignspr.com\/#website"},"primaryImageOfPage":{"@id":"https:\/\/creativesignspr.com\/gracias\/#primaryimage"},"image":{"@id":"https:\/\/creativesignspr.com\/gracias\/#primaryimage"},"thumbnailUrl":"https:\/\/web2.axesawebhost.net\/creativesignspr\/wp-content\/uploads\/sites\/85\/2023\/10\/mensaje3.gif","datePublished":"2023-10-24T21:14:06+00:00","dateModified":"2023-10-24T21:20:42+00:00","description":"Creative Signs PR es una compa\u00f1\u00eda netamente puertorrique\u00f1a que se especializa en la manufacturaci\u00f3n de r\u00f3tulos comerciales.","breadcrumb":{"@id":"https:\/\/creativesignspr.com\/gracias\/#breadcrumb"},"inLanguage":"en-US","potentialAction":[{"@type":"ReadAction","target":["https:\/\/creativesignspr.com\/gracias\/"]}]},{"@type":"ImageObject","inLanguage":"en-US","@id":"https:\/\/creativesignspr.com\/gracias\/#primaryimage","url":"https:\/\/web2.axesawebhost.net\/creativesignspr\/wp-content\/uploads\/sites\/85\/2023\/10\/mensaje3.gif","contentUrl":"https:\/\/web2.axesawebhost.net\/creativesignspr\/wp-content\/uploads\/sites\/85\/2023\/10\/mensaje3.gif"},{"@type":"BreadcrumbList","@id":"https:\/\/creativesignspr.com\/gracias\/#breadcrumb","itemListElement":[{"@type":"ListItem","position":1,"name":"Home","item":"https:\/\/creativesignspr.com\/"},{"@type":"ListItem","position":2,"name":"Gracias"}]},{"@type":"WebSite","@id":"https:\/\/creativesignspr.com\/#website","url":"https:\/\/creativesignspr.com\/","name":"Creative Signs LLC","description":"R\u00c3\u00b3tulos comerciales","publisher":{"@id":"https:\/\/creativesignspr.com\/#organization"},"potentialAction":[{"@type":"SearchAction","target":{"@type":"EntryPoint","urlTemplate":"https:\/\/creativesignspr.com\/?s={search_term_string}"},"query-input":{"@type":"PropertyValueSpecification","valueRequired":true,"valueName":"search_term_string"}}],"inLanguage":"en-US"},{"@type":"Organization","@id":"https:\/\/creativesignspr.com\/#organization","name":"Creative Signs LLC","url":"https:\/\/creativesignspr.com\/","logo":{"@type":"ImageObject","inLanguage":"en-US","@id":"https:\/\/creativesignspr.com\/#\/schema\/logo\/image\/","url":"https:\/\/creativesignspr.com\/wp-content\/uploads\/2023\/10\/Creative-Signs-logo.jpg","contentUrl":"https:\/\/creativesignspr.com\/wp-content\/uploads\/2023\/10\/Creative-Signs-logo.jpg","width":300,"height":200,"caption":"Creative Signs LLC"},"image":{"@id":"https:\/\/creativesignspr.com\/#\/schema\/logo\/image\/"}}]}},"_links":{"self":[{"href":"https:\/\/creativesignspr.com\/en\/wp-json\/wp\/v2\/pages\/249","targetHints":{"allow":["GET"]}}],"collection":[{"href":"https:\/\/creativesignspr.com\/en\/wp-json\/wp\/v2\/pages"}],"about":[{"href":"https:\/\/creativesignspr.com\/en\/wp-json\/wp\/v2\/types\/page"}],"author":[{"embeddable":true,"href":"https:\/\/creativesignspr.com\/en\/wp-json\/wp\/v2\/users\/1"}],"replies":[{"embeddable":true,"href":"https:\/\/creativesignspr.com\/en\/wp-json\/wp\/v2\/comments?post=249"}],"version-history":[{"count":4,"href":"https:\/\/creativesignspr.com\/en\/wp-json\/wp\/v2\/pages\/249\/revisions"}],"predecessor-version":[{"id":254,"href":"https:\/\/creativesignspr.com\/en\/wp-json\/wp\/v2\/pages\/249\/revisions\/254"}],"wp:attachment":[{"href":"https:\/\/creativesignspr.com\/en\/wp-json\/wp\/v2\/media?parent=249"}],"curies":[{"name":"wp","href":"https:\/\/api.w.org\/{rel}","templated":true}]}}